{"id":282,"date":"2023-09-07T17:50:19","date_gmt":"2023-09-07T15:50:19","guid":{"rendered":"http:\/\/xn--zadesign-v2a.com\/?page_id=282"},"modified":"2023-11-05T15:22:22","modified_gmt":"2023-11-05T14:22:22","slug":"contact","status":"publish","type":"page","link":"https:\/\/xn--zadesign-v2a.com\/index.php\/contact\/","title":{"rendered":"Contact"},"content":{"rendered":"\t\t<div data-elementor-type=\"wp-page\" data-elementor-id=\"282\" class=\"elementor elementor-282\">\n\t\t\t\t\t\t\t\t\t<section class=\"elementor-section elementor-top-section elementor-element elementor-element-9f504f8 elementor-section-boxed elementor-section-height-default elementor-section-height-default elementor-invisible\" data-id=\"9f504f8\" data-element_type=\"section\" data-settings=\"{&quot;animation&quot;:&quot;fadeInUp&quot;}\">\n\t\t\t\t\t\t<div class=\"elementor-container elementor-column-gap-default\">\n\t\t\t\t\t<div class=\"elementor-column elementor-col-100 elementor-top-column elementor-element elementor-element-1fba1f4\" data-id=\"1fba1f4\" data-element_type=\"column\" data-settings=\"{&quot;background_background&quot;:&quot;classic&quot;}\">\n\t\t\t<div class=\"elementor-widget-wrap elementor-element-populated\">\n\t\t\t\t\t\t\t\t<div class=\"elementor-element elementor-element-dab7e17 elementor-widget elementor-widget-wpforms\" data-id=\"dab7e17\" data-element_type=\"widget\" data-widget_type=\"wpforms.default\">\n\t\t\t\t<div class=\"elementor-widget-container\">\n\t\t\t<style id=\"wpforms-css-vars-root\">\n\t\t\t\t:root {\n\t\t\t\t\t--wpforms-field-border-radius: 3px;\n--wpforms-field-background-color: #ffffff;\n--wpforms-field-border-color: rgba( 0, 0, 0, 0.25 );\n--wpforms-field-text-color: rgba( 0, 0, 0, 0.7 );\n--wpforms-label-color: rgba( 0, 0, 0, 0.85 );\n--wpforms-label-sublabel-color: rgba( 0, 0, 0, 0.55 );\n--wpforms-label-error-color: #d63637;\n--wpforms-button-border-radius: 3px;\n--wpforms-button-background-color: #066aab;\n--wpforms-button-text-color: #ffffff;\n--wpforms-field-size-input-height: 43px;\n--wpforms-field-size-input-spacing: 15px;\n--wpforms-field-size-font-size: 16px;\n--wpforms-field-size-line-height: 19px;\n--wpforms-field-size-padding-h: 14px;\n--wpforms-field-size-checkbox-size: 16px;\n--wpforms-field-size-sublabel-spacing: 5px;\n--wpforms-field-size-icon-size: 1;\n--wpforms-label-size-font-size: 16px;\n--wpforms-label-size-line-height: 19px;\n--wpforms-label-size-sublabel-font-size: 14px;\n--wpforms-label-size-sublabel-line-height: 17px;\n--wpforms-button-size-font-size: 17px;\n--wpforms-button-size-height: 41px;\n--wpforms-button-size-padding-h: 15px;\n--wpforms-button-size-margin-top: 10px;\n\n\t\t\t\t}\n\t\t\t<\/style><style id=\"wpforms-css-vars-elementor-widget-dab7e17\">\n\t\t\t\t.elementor-widget-wpforms.elementor-element-dab7e17 {\n\t\t\t\t\t--wpforms-field-size-input-height: 43px;\n--wpforms-field-size-input-spacing: 15px;\n--wpforms-field-size-font-size: 16px;\n--wpforms-field-size-line-height: 19px;\n--wpforms-field-size-padding-h: 14px;\n--wpforms-field-size-checkbox-size: 16px;\n--wpforms-field-size-sublabel-spacing: 5px;\n--wpforms-field-size-icon-size: 1;\n--wpforms-label-size-font-size: 16px;\n--wpforms-label-size-line-height: 19px;\n--wpforms-label-size-sublabel-font-size: 14px;\n--wpforms-label-size-sublabel-line-height: 17px;\n--wpforms-button-size-font-size: 17px;\n--wpforms-button-size-height: 41px;\n--wpforms-button-size-padding-h: 15px;\n--wpforms-button-size-margin-top: 10px;\n\n\t\t\t\t}\n\t\t\t<\/style><div class=\"wpforms-container wpforms-container-full wpforms-render-modern\" id=\"wpforms-253\"><form id=\"wpforms-form-253\" class=\"wpforms-validate wpforms-form\" data-formid=\"253\" method=\"post\" enctype=\"multipart\/form-data\" action=\"\/index.php\/wp-json\/wp\/v2\/pages\/282\" data-token=\"19f1608e76605ffd0d94d595e6dc4fb2\"><noscript class=\"wpforms-error-noscript\">Veuillez activer JavaScript dans votre navigateur pour remplir ce formulaire.<\/noscript><div class=\"wpforms-hidden\" id=\"wpforms-error-noscript\">Veuillez activer JavaScript dans votre navigateur pour remplir ce formulaire.<\/div><div class=\"wpforms-field-container\"><div id=\"wpforms-253-field_0-container\" class=\"wpforms-field wpforms-field-name\" data-field-id=\"0\"><fieldset><legend class=\"wpforms-field-label\">Identit\u00e9 <span class=\"wpforms-required-label\" aria-hidden=\"true\">*<\/span><\/legend><div class=\"wpforms-field-row wpforms-field-medium\"><div class=\"wpforms-field-row-block wpforms-first wpforms-one-half\"><input type=\"text\" id=\"wpforms-253-field_0\" class=\"wpforms-field-name-first wpforms-field-required\" name=\"wpforms[fields][0][first]\" aria-errormessage=\"wpforms-253-field_0-error\" required><label for=\"wpforms-253-field_0\" class=\"wpforms-field-sublabel after \">Pr\u00e9nom<\/label><\/div><div class=\"wpforms-field-row-block wpforms-one-half\"><input type=\"text\" id=\"wpforms-253-field_0-last\" class=\"wpforms-field-name-last wpforms-field-required\" name=\"wpforms[fields][0][last]\" aria-errormessage=\"wpforms-253-field_0-last-error\" required><label for=\"wpforms-253-field_0-last\" class=\"wpforms-field-sublabel after \">Nom<\/label><\/div><\/div><\/fieldset><\/div><div id=\"wpforms-253-field_3-container\" class=\"wpforms-field wpforms-field-checkbox\" data-field-id=\"3\"><fieldset><legend class=\"wpforms-field-label\">Votre profil : vous \u00eates<\/legend><ul id=\"wpforms-253-field_3\"><li class=\"choice-1 depth-1\"><input type=\"checkbox\" id=\"wpforms-253-field_3_1\" name=\"wpforms[fields][3][]\" value=\"Un particulier\" aria-errormessage=\"wpforms-253-field_3_1-error\"  ><label class=\"wpforms-field-label-inline\" for=\"wpforms-253-field_3_1\">Un particulier<\/label><\/li><li class=\"choice-2 depth-1\"><input type=\"checkbox\" id=\"wpforms-253-field_3_2\" name=\"wpforms[fields][3][]\" value=\"Une association\" aria-errormessage=\"wpforms-253-field_3_2-error\"  ><label class=\"wpforms-field-label-inline\" for=\"wpforms-253-field_3_2\">Une association<\/label><\/li><li class=\"choice-3 depth-1\"><input type=\"checkbox\" id=\"wpforms-253-field_3_3\" name=\"wpforms[fields][3][]\" value=\"Une entreprise\" aria-errormessage=\"wpforms-253-field_3_3-error\"  ><label class=\"wpforms-field-label-inline\" for=\"wpforms-253-field_3_3\">Une entreprise<\/label><\/li><\/ul><\/fieldset><\/div><div id=\"wpforms-253-field_1-container\" class=\"wpforms-field wpforms-field-email\" data-field-id=\"1\"><label class=\"wpforms-field-label\" for=\"wpforms-253-field_1\">E-mail <span class=\"wpforms-required-label\" aria-hidden=\"true\">*<\/span><\/label><input type=\"email\" id=\"wpforms-253-field_1\" class=\"wpforms-field-medium wpforms-field-required\" name=\"wpforms[fields][1]\" spellcheck=\"false\" aria-errormessage=\"wpforms-253-field_1-error\" required><\/div><div id=\"wpforms-253-field_4-container\" class=\"wpforms-field wpforms-field-text\" data-field-id=\"4\"><label class=\"wpforms-field-label\" for=\"wpforms-253-field_4\">T\u00e9l\u00e9phone<\/label><input type=\"text\" id=\"wpforms-253-field_4\" class=\"wpforms-field-medium\" name=\"wpforms[fields][4]\" aria-errormessage=\"wpforms-253-field_4-error\" ><\/div><div id=\"wpforms-253-field_2-container\" class=\"wpforms-field wpforms-field-textarea\" data-field-id=\"2\"><label class=\"wpforms-field-label\" for=\"wpforms-253-field_2\">Votre message <span class=\"wpforms-required-label\" aria-hidden=\"true\">*<\/span><\/label><textarea id=\"wpforms-253-field_2\" class=\"wpforms-field-medium wpforms-field-required\" name=\"wpforms[fields][2]\" aria-errormessage=\"wpforms-253-field_2-error\" required><\/textarea><\/div><\/div><!-- .wpforms-field-container --><div class=\"wpforms-submit-container\" ><input type=\"hidden\" name=\"wpforms[id]\" value=\"253\"><input type=\"hidden\" name=\"wpforms[author]\" value=\"1\"><button type=\"submit\" name=\"wpforms[submit]\" id=\"wpforms-submit-253\" class=\"wpforms-submit\" data-alt-text=\"Envoi...\" data-submit-text=\"Envoyer\" aria-live=\"assertive\" value=\"wpforms-submit\">Envoyer<\/button><\/div><\/form><\/div>  <!-- .wpforms-container -->\t\t<\/div>\n\t\t\t\t<\/div>\n\t\t\t\t\t<\/div>\n\t\t<\/div>\n\t\t\t\t\t\t\t<\/div>\n\t\t<\/section>\n\t\t\t\t\t\t\t<\/div>\n\t\t","protected":false},"excerpt":{"rendered":"<p>Veuillez activer JavaScript dans votre navigateur pour remplir ce formulaire.Veuillez activer JavaScript dans votre navigateur pour remplir ce formulaire. Identit\u00e9 * Pr\u00e9nomNom Votre profil : vous \u00eates Un particulier Une association Une entreprise E-mail *T\u00e9l\u00e9phoneVotre message * Envoyer<\/p>\n","protected":false},"author":1,"featured_media":0,"parent":0,"menu_order":0,"comment_status":"closed","ping_status":"closed","template":"","meta":{"_uag_custom_page_level_css":"","site-sidebar-layout":"no-sidebar","site-content-layout":"page-builder","ast-global-header-display":"","ast-banner-title-visibility":"","ast-main-header-display":"","ast-hfb-above-header-display":"","ast-hfb-below-header-display":"","ast-hfb-mobile-header-display":"","site-post-title":"disabled","ast-breadcrumbs-content":"","ast-featured-img":"disabled","footer-sml-layout":"","theme-transparent-header-meta":"","adv-header-id-meta":"","stick-header-meta":"","header-above-stick-meta":"","header-main-stick-meta":"","header-below-stick-meta":"","two_page_speed":[],"footnotes":""},"class_list":["post-282","page","type-page","status-publish","hentry"],"yoast_head":"<!-- This site is optimized with the Yoast SEO plugin v21.4 - https:\/\/yoast.com\/wordpress\/plugins\/seo\/ -->\n<title>Contact - Za\u00efDesign<\/title>\n<meta name=\"robots\" content=\"index, follow, max-snippet:-1, max-image-preview:large, max-video-preview:-1\" \/>\n<link rel=\"canonical\" href=\"https:\/\/xn--zadesign-v2a.com\/index.php\/contact\/\" \/>\n<meta property=\"og:locale\" content=\"fr_FR\" \/>\n<meta property=\"og:type\" content=\"article\" \/>\n<meta property=\"og:title\" content=\"Contact - Za\u00efDesign\" \/>\n<meta property=\"og:description\" content=\"Veuillez activer JavaScript dans votre navigateur pour remplir ce formulaire.Veuillez activer JavaScript dans votre navigateur pour remplir ce formulaire. Identit\u00e9 * Pr\u00e9nomNom Votre profil : vous \u00eates Un particulier Une association Une entreprise E-mail *T\u00e9l\u00e9phoneVotre message * Envoyer\" \/>\n<meta property=\"og:url\" content=\"https:\/\/xn--zadesign-v2a.com\/index.php\/contact\/\" \/>\n<meta property=\"og:site_name\" content=\"Za\u00efDesign\" \/>\n<meta property=\"article:modified_time\" content=\"2023-11-05T14:22:22+00:00\" \/>\n<meta name=\"twitter:card\" content=\"summary_large_image\" \/>\n<meta name=\"twitter:label1\" content=\"Dur\u00e9e de lecture estim\u00e9e\" \/>\n\t<meta name=\"twitter:data1\" content=\"1 minute\" \/>\n<script type=\"application\/ld+json\" class=\"yoast-schema-graph\">{\"@context\":\"https:\/\/schema.org\",\"@graph\":[{\"@type\":\"WebPage\",\"@id\":\"https:\/\/xn--zadesign-v2a.com\/index.php\/contact\/\",\"url\":\"https:\/\/xn--zadesign-v2a.com\/index.php\/contact\/\",\"name\":\"Contact - Za\u00efDesign\",\"isPartOf\":{\"@id\":\"https:\/\/xn--zadesign-v2a.com\/#website\"},\"datePublished\":\"2023-09-07T15:50:19+00:00\",\"dateModified\":\"2023-11-05T14:22:22+00:00\",\"breadcrumb\":{\"@id\":\"https:\/\/xn--zadesign-v2a.com\/index.php\/contact\/#breadcrumb\"},\"inLanguage\":\"fr-FR\",\"potentialAction\":[{\"@type\":\"ReadAction\",\"target\":[\"https:\/\/xn--zadesign-v2a.com\/index.php\/contact\/\"]}]},{\"@type\":\"BreadcrumbList\",\"@id\":\"https:\/\/xn--zadesign-v2a.com\/index.php\/contact\/#breadcrumb\",\"itemListElement\":[{\"@type\":\"ListItem\",\"position\":1,\"name\":\"Accueil\",\"item\":\"https:\/\/xn--zadesign-v2a.com\/\"},{\"@type\":\"ListItem\",\"position\":2,\"name\":\"Contact\"}]},{\"@type\":\"WebSite\",\"@id\":\"https:\/\/xn--zadesign-v2a.com\/#website\",\"url\":\"https:\/\/xn--zadesign-v2a.com\/\",\"name\":\"Za\u00efDesign\",\"description\":\"Infographiste Print et Web\",\"publisher\":{\"@id\":\"https:\/\/xn--zadesign-v2a.com\/#organization\"},\"potentialAction\":[{\"@type\":\"SearchAction\",\"target\":{\"@type\":\"EntryPoint\",\"urlTemplate\":\"https:\/\/xn--zadesign-v2a.com\/?s={search_term_string}\"},\"query-input\":\"required name=search_term_string\"}],\"inLanguage\":\"fr-FR\"},{\"@type\":\"Organization\",\"@id\":\"https:\/\/xn--zadesign-v2a.com\/#organization\",\"name\":\"Za\u00efDesign\",\"url\":\"https:\/\/xn--zadesign-v2a.com\/\",\"logo\":{\"@type\":\"ImageObject\",\"inLanguage\":\"fr-FR\",\"@id\":\"https:\/\/xn--zadesign-v2a.com\/#\/schema\/logo\/image\/\",\"url\":\"https:\/\/xn--zadesign-v2a.com\/wp-content\/uploads\/2023\/07\/ZD1.png\",\"contentUrl\":\"https:\/\/xn--zadesign-v2a.com\/wp-content\/uploads\/2023\/07\/ZD1.png\",\"width\":1032,\"height\":754,\"caption\":\"Za\u00efDesign\"},\"image\":{\"@id\":\"https:\/\/xn--zadesign-v2a.com\/#\/schema\/logo\/image\/\"}}]}<\/script>\n<!-- \/ Yoast SEO plugin. -->","yoast_head_json":{"title":"Contact - Za\u00efDesign","robots":{"index":"index","follow":"follow","max-snippet":"max-snippet:-1","max-image-preview":"max-image-preview:large","max-video-preview":"max-video-preview:-1"},"canonical":"https:\/\/xn--zadesign-v2a.com\/index.php\/contact\/","og_locale":"fr_FR","og_type":"article","og_title":"Contact - Za\u00efDesign","og_description":"Veuillez activer JavaScript dans votre navigateur pour remplir ce formulaire.Veuillez activer JavaScript dans votre navigateur pour remplir ce formulaire. Identit\u00e9 * Pr\u00e9nomNom Votre profil : vous \u00eates Un particulier Une association Une entreprise E-mail *T\u00e9l\u00e9phoneVotre message * Envoyer","og_url":"https:\/\/xn--zadesign-v2a.com\/index.php\/contact\/","og_site_name":"Za\u00efDesign","article_modified_time":"2023-11-05T14:22:22+00:00","twitter_card":"summary_large_image","twitter_misc":{"Dur\u00e9e de lecture estim\u00e9e":"1 minute"},"schema":{"@context":"https:\/\/schema.org","@graph":[{"@type":"WebPage","@id":"https:\/\/xn--zadesign-v2a.com\/index.php\/contact\/","url":"https:\/\/xn--zadesign-v2a.com\/index.php\/contact\/","name":"Contact - Za\u00efDesign","isPartOf":{"@id":"https:\/\/xn--zadesign-v2a.com\/#website"},"datePublished":"2023-09-07T15:50:19+00:00","dateModified":"2023-11-05T14:22:22+00:00","breadcrumb":{"@id":"https:\/\/xn--zadesign-v2a.com\/index.php\/contact\/#breadcrumb"},"inLanguage":"fr-FR","potentialAction":[{"@type":"ReadAction","target":["https:\/\/xn--zadesign-v2a.com\/index.php\/contact\/"]}]},{"@type":"BreadcrumbList","@id":"https:\/\/xn--zadesign-v2a.com\/index.php\/contact\/#breadcrumb","itemListElement":[{"@type":"ListItem","position":1,"name":"Accueil","item":"https:\/\/xn--zadesign-v2a.com\/"},{"@type":"ListItem","position":2,"name":"Contact"}]},{"@type":"WebSite","@id":"https:\/\/xn--zadesign-v2a.com\/#website","url":"https:\/\/xn--zadesign-v2a.com\/","name":"Za\u00efDesign","description":"Infographiste Print et Web","publisher":{"@id":"https:\/\/xn--zadesign-v2a.com\/#organization"},"potentialAction":[{"@type":"SearchAction","target":{"@type":"EntryPoint","urlTemplate":"https:\/\/xn--zadesign-v2a.com\/?s={search_term_string}"},"query-input":"required name=search_term_string"}],"inLanguage":"fr-FR"},{"@type":"Organization","@id":"https:\/\/xn--zadesign-v2a.com\/#organization","name":"Za\u00efDesign","url":"https:\/\/xn--zadesign-v2a.com\/","logo":{"@type":"ImageObject","inLanguage":"fr-FR","@id":"https:\/\/xn--zadesign-v2a.com\/#\/schema\/logo\/image\/","url":"https:\/\/xn--zadesign-v2a.com\/wp-content\/uploads\/2023\/07\/ZD1.png","contentUrl":"https:\/\/xn--zadesign-v2a.com\/wp-content\/uploads\/2023\/07\/ZD1.png","width":1032,"height":754,"caption":"Za\u00efDesign"},"image":{"@id":"https:\/\/xn--zadesign-v2a.com\/#\/schema\/logo\/image\/"}}]}},"uagb_featured_image_src":{"full":false,"thumbnail":false,"medium":false,"medium_large":false,"large":false,"1536x1536":false,"2048x2048":false,"tenweb_optimizer_mobile":false,"tenweb_optimizer_tablet":false},"uagb_author_info":{"display_name":"admin3050","author_link":"https:\/\/xn--zadesign-v2a.com\/index.php\/author\/admin3050\/"},"uagb_comment_info":0,"uagb_excerpt":"Veuillez activer JavaScript dans votre navigateur pour remplir ce formulaire.Veuillez activer JavaScript dans votre navigateur pour remplir ce formulaire. Identit\u00e9 * Pr\u00e9nomNom Votre profil : vous \u00eates Un particulier Une association Une entreprise E-mail *T\u00e9l\u00e9phoneVotre message * Envoyer","_links":{"self":[{"href":"https:\/\/xn--zadesign-v2a.com\/index.php\/wp-json\/wp\/v2\/pages\/282","targetHints":{"allow":["GET"]}}],"collection":[{"href":"https:\/\/xn--zadesign-v2a.com\/index.php\/wp-json\/wp\/v2\/pages"}],"about":[{"href":"https:\/\/xn--zadesign-v2a.com\/index.php\/wp-json\/wp\/v2\/types\/page"}],"author":[{"embeddable":true,"href":"https:\/\/xn--zadesign-v2a.com\/index.php\/wp-json\/wp\/v2\/users\/1"}],"replies":[{"embeddable":true,"href":"https:\/\/xn--zadesign-v2a.com\/index.php\/wp-json\/wp\/v2\/comments?post=282"}],"version-history":[{"count":10,"href":"https:\/\/xn--zadesign-v2a.com\/index.php\/wp-json\/wp\/v2\/pages\/282\/revisions"}],"predecessor-version":[{"id":1030,"href":"https:\/\/xn--zadesign-v2a.com\/index.php\/wp-json\/wp\/v2\/pages\/282\/revisions\/1030"}],"wp:attachment":[{"href":"https:\/\/xn--zadesign-v2a.com\/index.php\/wp-json\/wp\/v2\/media?parent=282"}],"curies":[{"name":"wp","href":"https:\/\/api.w.org\/{rel}","templated":true}]}}