{"id":452,"date":"2023-09-26T15:15:26","date_gmt":"2023-09-26T13:15:26","guid":{"rendered":"https:\/\/xn--zadesign-v2a.com\/?page_id=452"},"modified":"2023-09-27T15:27:37","modified_gmt":"2023-09-27T13:27:37","slug":"elementor-452","status":"publish","type":"page","link":"https:\/\/xn--zadesign-v2a.com\/index.php\/elementor-452\/","title":{"rendered":"Arc en ciel"},"content":{"rendered":"\t\t<div data-elementor-type=\"wp-page\" data-elementor-id=\"452\" class=\"elementor elementor-452\">\n\t\t\t\t\t\t\t\t\t<section class=\"elementor-section elementor-top-section elementor-element elementor-element-8b2510a elementor-section-boxed elementor-section-height-default elementor-section-height-default\" data-id=\"8b2510a\" data-element_type=\"section\">\n\t\t\t\t\t\t\t<div class=\"elementor-background-overlay\"><\/div>\n\t\t\t\t\t\t\t<div class=\"elementor-container elementor-column-gap-default\">\n\t\t\t\t\t<div class=\"elementor-column elementor-col-100 elementor-top-column elementor-element elementor-element-c7510a1\" data-id=\"c7510a1\" data-element_type=\"column\">\n\t\t\t<div class=\"elementor-widget-wrap elementor-element-populated\">\n\t\t\t\t\t\t\t\t<div class=\"elementor-element elementor-element-e1f7dcd elementor-widget-divider--view-line_icon elementor-view-default elementor-widget-divider--element-align-center elementor-widget elementor-widget-divider\" data-id=\"e1f7dcd\" data-element_type=\"widget\" data-widget_type=\"divider.default\">\n\t\t\t\t<div class=\"elementor-widget-container\">\n\t\t\t<style>\/*! elementor - v3.16.0 - 17-10-2023 *\/\n.elementor-widget-divider{--divider-border-style:none;--divider-border-width:1px;--divider-color:#0c0d0e;--divider-icon-size:20px;--divider-element-spacing:10px;--divider-pattern-height:24px;--divider-pattern-size:20px;--divider-pattern-url:none;--divider-pattern-repeat:repeat-x}.elementor-widget-divider .elementor-divider{display:flex}.elementor-widget-divider .elementor-divider__text{font-size:15px;line-height:1;max-width:95%}.elementor-widget-divider .elementor-divider__element{margin:0 var(--divider-element-spacing);flex-shrink:0}.elementor-widget-divider .elementor-icon{font-size:var(--divider-icon-size)}.elementor-widget-divider .elementor-divider-separator{display:flex;margin:0;direction:ltr}.elementor-widget-divider--view-line_icon .elementor-divider-separator,.elementor-widget-divider--view-line_text .elementor-divider-separator{align-items:center}.elementor-widget-divider--view-line_icon .elementor-divider-separator:after,.elementor-widget-divider--view-line_icon .elementor-divider-separator:before,.elementor-widget-divider--view-line_text .elementor-divider-separator:after,.elementor-widget-divider--view-line_text .elementor-divider-separator:before{display:block;content:\"\";border-bottom:0;flex-grow:1;border-top:var(--divider-border-width) var(--divider-border-style) var(--divider-color)}.elementor-widget-divider--element-align-left .elementor-divider .elementor-divider-separator>.elementor-divider__svg:first-of-type{flex-grow:0;flex-shrink:100}.elementor-widget-divider--element-align-left .elementor-divider-separator:before{content:none}.elementor-widget-divider--element-align-left .elementor-divider__element{margin-left:0}.elementor-widget-divider--element-align-right .elementor-divider .elementor-divider-separator>.elementor-divider__svg:last-of-type{flex-grow:0;flex-shrink:100}.elementor-widget-divider--element-align-right .elementor-divider-separator:after{content:none}.elementor-widget-divider--element-align-right .elementor-divider__element{margin-right:0}.elementor-widget-divider:not(.elementor-widget-divider--view-line_text):not(.elementor-widget-divider--view-line_icon) .elementor-divider-separator{border-top:var(--divider-border-width) var(--divider-border-style) var(--divider-color)}.elementor-widget-divider--separator-type-pattern{--divider-border-style:none}.elementor-widget-divider--separator-type-pattern.elementor-widget-divider--view-line .elementor-divider-separator,.elementor-widget-divider--separator-type-pattern:not(.elementor-widget-divider--view-line) .elementor-divider-separator:after,.elementor-widget-divider--separator-type-pattern:not(.elementor-widget-divider--view-line) .elementor-divider-separator:before,.elementor-widget-divider--separator-type-pattern:not([class*=elementor-widget-divider--view]) .elementor-divider-separator{width:100%;min-height:var(--divider-pattern-height);-webkit-mask-size:var(--divider-pattern-size) 100%;mask-size:var(--divider-pattern-size) 100%;-webkit-mask-repeat:var(--divider-pattern-repeat);mask-repeat:var(--divider-pattern-repeat);background-color:var(--divider-color);-webkit-mask-image:var(--divider-pattern-url);mask-image:var(--divider-pattern-url)}.elementor-widget-divider--no-spacing{--divider-pattern-size:auto}.elementor-widget-divider--bg-round{--divider-pattern-repeat:round}.rtl .elementor-widget-divider .elementor-divider__text{direction:rtl}.e-con-inner>.elementor-widget-divider,.e-con>.elementor-widget-divider{width:var(--container-widget-width,100%);--flex-grow:var(--container-widget-flex-grow)}<\/style>\t\t<div class=\"elementor-divider\">\n\t\t\t<span class=\"elementor-divider-separator\">\n\t\t\t\t\t\t\t<div class=\"elementor-icon elementor-divider__element\">\n\t\t\t\t\t<i aria-hidden=\"true\" class=\"fas fa-star\"><\/i><\/div>\n\t\t\t\t\t\t<\/span>\n\t\t<\/div>\n\t\t\t\t<\/div>\n\t\t\t\t<\/div>\n\t\t\t\t\t<\/div>\n\t\t<\/div>\n\t\t\t\t\t\t\t<\/div>\n\t\t<\/section>\n\t\t\t\t<section class=\"elementor-section elementor-top-section elementor-element elementor-element-e8b53d2 elementor-section-boxed elementor-section-height-default elementor-section-height-default\" data-id=\"e8b53d2\" data-element_type=\"section\" data-settings=\"{&quot;background_background&quot;:&quot;classic&quot;}\">\n\t\t\t\t\t\t<div class=\"elementor-container elementor-column-gap-default\">\n\t\t\t\t\t<div class=\"elementor-column elementor-col-33 elementor-top-column elementor-element elementor-element-5e9022a\" data-id=\"5e9022a\" data-element_type=\"column\">\n\t\t\t<div class=\"elementor-widget-wrap elementor-element-populated\">\n\t\t\t\t\t\t\t\t<div class=\"elementor-element elementor-element-f86386f elementor-widget__width-initial elementor-widget elementor-widget-image\" data-id=\"f86386f\" data-element_type=\"widget\" data-widget_type=\"image.default\">\n\t\t\t\t<div class=\"elementor-widget-container\">\n\t\t\t<style>\/*! elementor - v3.16.0 - 17-10-2023 *\/\n.elementor-widget-image{text-align:center}.elementor-widget-image a{display:inline-block}.elementor-widget-image a img[src$=\".svg\"]{width:48px}.elementor-widget-image img{vertical-align:middle;display:inline-block}<\/style>\t\t\t\t\t\t\t\t\t\t\t\t<img loading=\"lazy\" decoding=\"async\" width=\"923\" height=\"1024\" src=\"https:\/\/xn--zadesign-v2a.com\/wp-content\/uploads\/2023\/07\/Arc-923x1024.png\" class=\"attachment-large size-large wp-image-22\" alt=\"\" srcset=\"https:\/\/xn--zadesign-v2a.com\/wp-content\/uploads\/2023\/07\/Arc-923x1024.png 923w, https:\/\/xn--zadesign-v2a.com\/wp-content\/uploads\/2023\/07\/Arc-270x300.png 270w, https:\/\/xn--zadesign-v2a.com\/wp-content\/uploads\/2023\/07\/Arc-768x852.png 768w, https:\/\/xn--zadesign-v2a.com\/wp-content\/uploads\/2023\/07\/Arc-1384x1536.png 1384w, https:\/\/xn--zadesign-v2a.com\/wp-content\/uploads\/2023\/07\/Arc.png 1806w\" sizes=\"auto, (max-width: 923px) 100vw, 923px\" \/>\t\t\t\t\t\t\t\t\t\t\t\t\t\t\t<\/div>\n\t\t\t\t<\/div>\n\t\t\t\t\t<\/div>\n\t\t<\/div>\n\t\t\t\t<div class=\"elementor-column elementor-col-66 elementor-top-column elementor-element elementor-element-7df8a63\" data-id=\"7df8a63\" data-element_type=\"column\">\n\t\t\t<div class=\"elementor-widget-wrap elementor-element-populated\">\n\t\t\t\t\t\t\t\t<div class=\"elementor-element elementor-element-6a2ddc0 elementor-widget__width-initial elementor-widget elementor-widget-text-editor\" data-id=\"6a2ddc0\" data-element_type=\"widget\" data-widget_type=\"text-editor.default\">\n\t\t\t\t<div class=\"elementor-widget-container\">\n\t\t\t<style>\/*! elementor - v3.16.0 - 17-10-2023 *\/\n.elementor-widget-text-editor.elementor-drop-cap-view-stacked .elementor-drop-cap{background-color:#69727d;color:#fff}.elementor-widget-text-editor.elementor-drop-cap-view-framed .elementor-drop-cap{color:#69727d;border:3px solid;background-color:transparent}.elementor-widget-text-editor:not(.elementor-drop-cap-view-default) .elementor-drop-cap{margin-top:8px}.elementor-widget-text-editor:not(.elementor-drop-cap-view-default) .elementor-drop-cap-letter{width:1em;height:1em}.elementor-widget-text-editor .elementor-drop-cap{float:left;text-align:center;line-height:1;font-size:50px}.elementor-widget-text-editor .elementor-drop-cap-letter{display:inline-block}<\/style>\t\t\t\t<h6>Logo r\u00e9alis\u00e9 sur Illustrator pour <i><u>Trame Arc en ciel<\/u><\/i><\/h6><h6>Type de structure : association<\/h6><h6>Localisation : St Claude (39)<\/h6><h6>Date : 2023<\/h6>\t\t\t\t\t\t<\/div>\n\t\t\t\t<\/div>\n\t\t\t\t\t<\/div>\n\t\t<\/div>\n\t\t\t\t\t\t\t<\/div>\n\t\t<\/section>\n\t\t\t\t<section class=\"elementor-section elementor-top-section elementor-element elementor-element-72bab3f elementor-section-boxed elementor-section-height-default elementor-section-height-default\" data-id=\"72bab3f\" data-element_type=\"section\">\n\t\t\t\t\t\t\t<div class=\"elementor-background-overlay\"><\/div>\n\t\t\t\t\t\t\t<div class=\"elementor-container elementor-column-gap-default\">\n\t\t\t\t\t<div class=\"elementor-column elementor-col-100 elementor-top-column elementor-element elementor-element-bda500f\" data-id=\"bda500f\" data-element_type=\"column\">\n\t\t\t<div class=\"elementor-widget-wrap elementor-element-populated\">\n\t\t\t\t\t\t\t\t<div class=\"elementor-element elementor-element-9eeb1aa elementor-widget__width-initial elementor-view-default elementor-widget elementor-widget-icon\" data-id=\"9eeb1aa\" data-element_type=\"widget\" data-widget_type=\"icon.default\">\n\t\t\t\t<div class=\"elementor-widget-container\">\n\t\t\t\t\t<div class=\"elementor-icon-wrapper\">\n\t\t\t<a class=\"elementor-icon\" href=\"https:\/\/xn--zadesign-v2a.com\/index.php\/logos-2\/\">\n\t\t\t<i aria-hidden=\"true\" class=\"fas fa-border-all\"><\/i>\t\t\t<\/a>\n\t\t<\/div>\n\t\t\t\t<\/div>\n\t\t\t\t<\/div>\n\t\t\t\t<div class=\"elementor-element elementor-element-fb2a4fb elementor-widget__width-initial elementor-view-default elementor-widget elementor-widget-icon\" data-id=\"fb2a4fb\" data-element_type=\"widget\" data-widget_type=\"icon.default\">\n\t\t\t\t<div class=\"elementor-widget-container\">\n\t\t\t\t\t<div class=\"elementor-icon-wrapper\">\n\t\t\t<a class=\"elementor-icon\" href=\"https:\/\/xn--zadesign-v2a.com\/index.php\/lappart\/\">\n\t\t\t<i aria-hidden=\"true\" class=\"far fa-arrow-alt-circle-right\"><\/i>\t\t\t<\/a>\n\t\t<\/div>\n\t\t\t\t<\/div>\n\t\t\t\t<\/div>\n\t\t\t\t<div class=\"elementor-element elementor-element-e4ab970 elementor-widget-divider--view-line_icon elementor-view-default elementor-widget-divider--element-align-center elementor-widget elementor-widget-divider\" data-id=\"e4ab970\" data-element_type=\"widget\" data-widget_type=\"divider.default\">\n\t\t\t\t<div class=\"elementor-widget-container\">\n\t\t\t\t\t<div class=\"elementor-divider\">\n\t\t\t<span class=\"elementor-divider-separator\">\n\t\t\t\t\t\t\t<div class=\"elementor-icon elementor-divider__element\">\n\t\t\t\t\t<i aria-hidden=\"true\" class=\"fas fa-star\"><\/i><\/div>\n\t\t\t\t\t\t<\/span>\n\t\t<\/div>\n\t\t\t\t<\/div>\n\t\t\t\t<\/div>\n\t\t\t\t\t<\/div>\n\t\t<\/div>\n\t\t\t\t\t\t\t<\/div>\n\t\t<\/section>\n\t\t\t\t\t\t\t<\/div>\n\t\t","protected":false},"excerpt":{"rendered":"<p>Logo r\u00e9alis\u00e9 sur Illustrator pour Trame Arc en ciel Type de structure : association Localisation : St Claude (39) Date : 2023<\/p>\n","protected":false},"author":1,"featured_media":0,"parent":0,"menu_order":0,"comment_status":"closed","ping_status":"closed","template":"","meta":{"_uag_custom_page_level_css":"","site-sidebar-layout":"no-sidebar","site-content-layout":"page-builder","ast-global-header-display":"","ast-banner-title-visibility":"","ast-main-header-display":"","ast-hfb-above-header-display":"","ast-hfb-below-header-display":"","ast-hfb-mobile-header-display":"","site-post-title":"disabled","ast-breadcrumbs-content":"","ast-featured-img":"disabled","footer-sml-layout":"","theme-transparent-header-meta":"","adv-header-id-meta":"","stick-header-meta":"","header-above-stick-meta":"","header-main-stick-meta":"","header-below-stick-meta":"","two_page_speed":[],"footnotes":""},"class_list":["post-452","page","type-page","status-publish","hentry"],"yoast_head":"<!-- This site is optimized with the Yoast SEO plugin v21.4 - https:\/\/yoast.com\/wordpress\/plugins\/seo\/ -->\n<title>Arc en ciel - Za\u00efDesign<\/title>\n<meta name=\"robots\" content=\"index, follow, max-snippet:-1, max-image-preview:large, max-video-preview:-1\" \/>\n<link rel=\"canonical\" href=\"https:\/\/xn--zadesign-v2a.com\/index.php\/elementor-452\/\" \/>\n<meta property=\"og:locale\" content=\"fr_FR\" \/>\n<meta property=\"og:type\" content=\"article\" \/>\n<meta property=\"og:title\" content=\"Arc en ciel - Za\u00efDesign\" \/>\n<meta property=\"og:description\" content=\"Logo r\u00e9alis\u00e9 sur Illustrator pour Trame Arc en ciel Type de structure : association Localisation : St Claude (39) Date : 2023\" \/>\n<meta property=\"og:url\" content=\"https:\/\/xn--zadesign-v2a.com\/index.php\/elementor-452\/\" \/>\n<meta property=\"og:site_name\" content=\"Za\u00efDesign\" \/>\n<meta property=\"article:modified_time\" content=\"2023-09-27T13:27:37+00:00\" \/>\n<meta property=\"og:image\" content=\"https:\/\/xn--zadesign-v2a.com\/wp-content\/uploads\/2023\/07\/Arc-923x1024.png\" \/>\n<meta name=\"twitter:card\" content=\"summary_large_image\" \/>\n<meta name=\"twitter:label1\" content=\"Dur\u00e9e de lecture estim\u00e9e\" \/>\n\t<meta name=\"twitter:data1\" content=\"1 minute\" \/>\n<script type=\"application\/ld+json\" class=\"yoast-schema-graph\">{\"@context\":\"https:\/\/schema.org\",\"@graph\":[{\"@type\":\"WebPage\",\"@id\":\"https:\/\/xn--zadesign-v2a.com\/index.php\/elementor-452\/\",\"url\":\"https:\/\/xn--zadesign-v2a.com\/index.php\/elementor-452\/\",\"name\":\"Arc en ciel - Za\u00efDesign\",\"isPartOf\":{\"@id\":\"https:\/\/xn--zadesign-v2a.com\/#website\"},\"datePublished\":\"2023-09-26T13:15:26+00:00\",\"dateModified\":\"2023-09-27T13:27:37+00:00\",\"breadcrumb\":{\"@id\":\"https:\/\/xn--zadesign-v2a.com\/index.php\/elementor-452\/#breadcrumb\"},\"inLanguage\":\"fr-FR\",\"potentialAction\":[{\"@type\":\"ReadAction\",\"target\":[\"https:\/\/xn--zadesign-v2a.com\/index.php\/elementor-452\/\"]}]},{\"@type\":\"BreadcrumbList\",\"@id\":\"https:\/\/xn--zadesign-v2a.com\/index.php\/elementor-452\/#breadcrumb\",\"itemListElement\":[{\"@type\":\"ListItem\",\"position\":1,\"name\":\"Accueil\",\"item\":\"https:\/\/xn--zadesign-v2a.com\/\"},{\"@type\":\"ListItem\",\"position\":2,\"name\":\"Arc en ciel\"}]},{\"@type\":\"WebSite\",\"@id\":\"https:\/\/xn--zadesign-v2a.com\/#website\",\"url\":\"https:\/\/xn--zadesign-v2a.com\/\",\"name\":\"Za\u00efDesign\",\"description\":\"Infographiste Print et Web\",\"publisher\":{\"@id\":\"https:\/\/xn--zadesign-v2a.com\/#organization\"},\"potentialAction\":[{\"@type\":\"SearchAction\",\"target\":{\"@type\":\"EntryPoint\",\"urlTemplate\":\"https:\/\/xn--zadesign-v2a.com\/?s={search_term_string}\"},\"query-input\":\"required name=search_term_string\"}],\"inLanguage\":\"fr-FR\"},{\"@type\":\"Organization\",\"@id\":\"https:\/\/xn--zadesign-v2a.com\/#organization\",\"name\":\"Za\u00efDesign\",\"url\":\"https:\/\/xn--zadesign-v2a.com\/\",\"logo\":{\"@type\":\"ImageObject\",\"inLanguage\":\"fr-FR\",\"@id\":\"https:\/\/xn--zadesign-v2a.com\/#\/schema\/logo\/image\/\",\"url\":\"https:\/\/xn--zadesign-v2a.com\/wp-content\/uploads\/2023\/07\/ZD1.png\",\"contentUrl\":\"https:\/\/xn--zadesign-v2a.com\/wp-content\/uploads\/2023\/07\/ZD1.png\",\"width\":1032,\"height\":754,\"caption\":\"Za\u00efDesign\"},\"image\":{\"@id\":\"https:\/\/xn--zadesign-v2a.com\/#\/schema\/logo\/image\/\"}}]}<\/script>\n<!-- \/ Yoast SEO plugin. -->","yoast_head_json":{"title":"Arc en ciel - Za\u00efDesign","robots":{"index":"index","follow":"follow","max-snippet":"max-snippet:-1","max-image-preview":"max-image-preview:large","max-video-preview":"max-video-preview:-1"},"canonical":"https:\/\/xn--zadesign-v2a.com\/index.php\/elementor-452\/","og_locale":"fr_FR","og_type":"article","og_title":"Arc en ciel - Za\u00efDesign","og_description":"Logo r\u00e9alis\u00e9 sur Illustrator pour Trame Arc en ciel Type de structure : association Localisation : St Claude (39) Date : 2023","og_url":"https:\/\/xn--zadesign-v2a.com\/index.php\/elementor-452\/","og_site_name":"Za\u00efDesign","article_modified_time":"2023-09-27T13:27:37+00:00","og_image":[{"url":"https:\/\/xn--zadesign-v2a.com\/wp-content\/uploads\/2023\/07\/Arc-923x1024.png"}],"twitter_card":"summary_large_image","twitter_misc":{"Dur\u00e9e de lecture estim\u00e9e":"1 minute"},"schema":{"@context":"https:\/\/schema.org","@graph":[{"@type":"WebPage","@id":"https:\/\/xn--zadesign-v2a.com\/index.php\/elementor-452\/","url":"https:\/\/xn--zadesign-v2a.com\/index.php\/elementor-452\/","name":"Arc en ciel - Za\u00efDesign","isPartOf":{"@id":"https:\/\/xn--zadesign-v2a.com\/#website"},"datePublished":"2023-09-26T13:15:26+00:00","dateModified":"2023-09-27T13:27:37+00:00","breadcrumb":{"@id":"https:\/\/xn--zadesign-v2a.com\/index.php\/elementor-452\/#breadcrumb"},"inLanguage":"fr-FR","potentialAction":[{"@type":"ReadAction","target":["https:\/\/xn--zadesign-v2a.com\/index.php\/elementor-452\/"]}]},{"@type":"BreadcrumbList","@id":"https:\/\/xn--zadesign-v2a.com\/index.php\/elementor-452\/#breadcrumb","itemListElement":[{"@type":"ListItem","position":1,"name":"Accueil","item":"https:\/\/xn--zadesign-v2a.com\/"},{"@type":"ListItem","position":2,"name":"Arc en ciel"}]},{"@type":"WebSite","@id":"https:\/\/xn--zadesign-v2a.com\/#website","url":"https:\/\/xn--zadesign-v2a.com\/","name":"Za\u00efDesign","description":"Infographiste Print et Web","publisher":{"@id":"https:\/\/xn--zadesign-v2a.com\/#organization"},"potentialAction":[{"@type":"SearchAction","target":{"@type":"EntryPoint","urlTemplate":"https:\/\/xn--zadesign-v2a.com\/?s={search_term_string}"},"query-input":"required name=search_term_string"}],"inLanguage":"fr-FR"},{"@type":"Organization","@id":"https:\/\/xn--zadesign-v2a.com\/#organization","name":"Za\u00efDesign","url":"https:\/\/xn--zadesign-v2a.com\/","logo":{"@type":"ImageObject","inLanguage":"fr-FR","@id":"https:\/\/xn--zadesign-v2a.com\/#\/schema\/logo\/image\/","url":"https:\/\/xn--zadesign-v2a.com\/wp-content\/uploads\/2023\/07\/ZD1.png","contentUrl":"https:\/\/xn--zadesign-v2a.com\/wp-content\/uploads\/2023\/07\/ZD1.png","width":1032,"height":754,"caption":"Za\u00efDesign"},"image":{"@id":"https:\/\/xn--zadesign-v2a.com\/#\/schema\/logo\/image\/"}}]}},"uagb_featured_image_src":{"full":false,"thumbnail":false,"medium":false,"medium_large":false,"large":false,"1536x1536":false,"2048x2048":false,"tenweb_optimizer_mobile":false,"tenweb_optimizer_tablet":false},"uagb_author_info":{"display_name":"admin3050","author_link":"https:\/\/xn--zadesign-v2a.com\/index.php\/author\/admin3050\/"},"uagb_comment_info":0,"uagb_excerpt":"Logo r\u00e9alis\u00e9 sur Illustrator pour Trame Arc en ciel Type de structure : association Localisation : St Claude (39) Date : 2023","_links":{"self":[{"href":"https:\/\/xn--zadesign-v2a.com\/index.php\/wp-json\/wp\/v2\/pages\/452","targetHints":{"allow":["GET"]}}],"collection":[{"href":"https:\/\/xn--zadesign-v2a.com\/index.php\/wp-json\/wp\/v2\/pages"}],"about":[{"href":"https:\/\/xn--zadesign-v2a.com\/index.php\/wp-json\/wp\/v2\/types\/page"}],"author":[{"embeddable":true,"href":"https:\/\/xn--zadesign-v2a.com\/index.php\/wp-json\/wp\/v2\/users\/1"}],"replies":[{"embeddable":true,"href":"https:\/\/xn--zadesign-v2a.com\/index.php\/wp-json\/wp\/v2\/comments?post=452"}],"version-history":[{"count":53,"href":"https:\/\/xn--zadesign-v2a.com\/index.php\/wp-json\/wp\/v2\/pages\/452\/revisions"}],"predecessor-version":[{"id":780,"href":"https:\/\/xn--zadesign-v2a.com\/index.php\/wp-json\/wp\/v2\/pages\/452\/revisions\/780"}],"wp:attachment":[{"href":"https:\/\/xn--zadesign-v2a.com\/index.php\/wp-json\/wp\/v2\/media?parent=452"}],"curies":[{"name":"wp","href":"https:\/\/api.w.org\/{rel}","templated":true}]}}